{"id":2431,"date":"2026-04-02T15:39:48","date_gmt":"2026-04-02T15:39:48","guid":{"rendered":"https:\/\/www.budapestshooting2.eu\/?page_id=2431"},"modified":"2026-04-02T15:56:32","modified_gmt":"2026-04-02T15:56:32","slug":"the-ultimate-budapest-stag-do-combo-guns-beer","status":"publish","type":"page","link":"https:\/\/www.budapestshooting2.eu\/fr\/the-ultimate-budapest-stag-do-combo-guns-beer\/","title":{"rendered":"The ultimate Budapest stag do combo: Guns &amp; Beer"},"content":{"rendered":"<div data-elementor-type=\"wp-page\" data-elementor-id=\"2431\" class=\"elementor elementor-2431\" data-elementor-post-type=\"page\">\n\t\t\t\t<div class=\"elementor-element elementor-element-cb1b272 e-flex e-con-boxed e-con e-parent\" data-id=\"cb1b272\" data-element_type=\"container\" data-e-type=\"container\">\n\t\t\t\t\t<div class=\"e-con-inner\">\n\t\t\t\t<div class=\"elementor-element elementor-element-645356a Text-outline elementor-widget elementor-widget-heading\" data-id=\"645356a\" data-element_type=\"widget\" data-e-type=\"widget\" data-widget_type=\"heading.default\">\n\t\t\t\t<div class=\"elementor-widget-container\">\n\t\t\t\t\t<h2 class=\"elementor-heading-title elementor-size-default\">The ultimate Budapest stag do combo\n<\/h2>\t\t\t\t<\/div>\n\t\t\t\t<\/div>\n\t\t<div class=\"elementor-element elementor-element-c7f4334 e-con-full e-transform e-transform e-transform e-flex e-con e-child\" data-id=\"c7f4334\" data-element_type=\"container\" data-e-type=\"container\" data-settings=\"{&quot;background_background&quot;:&quot;classic&quot;,&quot;_transform_rotateZ_effect&quot;:{&quot;unit&quot;:&quot;px&quot;,&quot;size&quot;:-5,&quot;sizes&quot;:[]},&quot;_transform_rotateZ_effect_hover&quot;:{&quot;unit&quot;:&quot;px&quot;,&quot;size&quot;:2,&quot;sizes&quot;:[]},&quot;_transform_rotateZ_effect_tablet&quot;:{&quot;unit&quot;:&quot;deg&quot;,&quot;size&quot;:&quot;&quot;,&quot;sizes&quot;:[]},&quot;_transform_rotateZ_effect_mobile&quot;:{&quot;unit&quot;:&quot;deg&quot;,&quot;size&quot;:&quot;&quot;,&quot;sizes&quot;:[]},&quot;_transform_skewX_effect&quot;:{&quot;unit&quot;:&quot;px&quot;,&quot;size&quot;:&quot;&quot;,&quot;sizes&quot;:[]},&quot;_transform_skewX_effect_tablet&quot;:{&quot;unit&quot;:&quot;deg&quot;,&quot;size&quot;:&quot;&quot;,&quot;sizes&quot;:[]},&quot;_transform_skewX_effect_mobile&quot;:{&quot;unit&quot;:&quot;deg&quot;,&quot;size&quot;:&quot;&quot;,&quot;sizes&quot;:[]},&quot;_transform_skewY_effect&quot;:{&quot;unit&quot;:&quot;px&quot;,&quot;size&quot;:&quot;&quot;,&quot;sizes&quot;:[]},&quot;_transform_skewY_effect_tablet&quot;:{&quot;unit&quot;:&quot;deg&quot;,&quot;size&quot;:&quot;&quot;,&quot;sizes&quot;:[]},&quot;_transform_skewY_effect_mobile&quot;:{&quot;unit&quot;:&quot;deg&quot;,&quot;size&quot;:&quot;&quot;,&quot;sizes&quot;:[]},&quot;_transform_rotateZ_effect_hover_tablet&quot;:{&quot;unit&quot;:&quot;deg&quot;,&quot;size&quot;:&quot;&quot;,&quot;sizes&quot;:[]},&quot;_transform_rotateZ_effect_hover_mobile&quot;:{&quot;unit&quot;:&quot;deg&quot;,&quot;size&quot;:&quot;&quot;,&quot;sizes&quot;:[]}}\">\n\t\t\t\t<div class=\"elementor-element elementor-element-8165d7b elementor-widget elementor-widget-heading\" data-id=\"8165d7b\" data-element_type=\"widget\" data-e-type=\"widget\" data-widget_type=\"heading.default\">\n\t\t\t\t<div class=\"elementor-widget-container\">\n\t\t\t\t\t<h2 class=\"elementor-heading-title elementor-size-default\"> Guns &amp; Beer<\/h2>\t\t\t\t<\/div>\n\t\t\t\t<\/div>\n\t\t\t\t<\/div>\n\t\t\t\t\t<\/div>\n\t\t\t\t<\/div>\n\t\t<div class=\"elementor-element elementor-element-290f31a e-flex e-con-boxed e-con e-parent\" data-id=\"290f31a\" data-element_type=\"container\" data-e-type=\"container\">\n\t\t\t\t\t<div class=\"e-con-inner\">\n\t\t\t\t<div class=\"elementor-element elementor-element-b903d5a elementor-widget elementor-widget-text-editor\" data-id=\"b903d5a\" data-element_type=\"widget\" data-e-type=\"widget\" data-widget_type=\"text-editor.default\">\n\t\t\t\t<div class=\"elementor-widget-container\">\n\t\t\t\t\t\t\t\t\t<p><span style=\"font-weight: 400;\">Planning the perfect send-off for the groom? A legendary Budapest stag do needs the right <\/span><span style=\"font-weight: 400;\">balance between high-octane adrenaline and laid-back, ice-cold partying. Forget average bar crawls &#8211; this is the winning formula for an unforgettable bachelor afternoon in Budapest, <\/span><span style=\"font-weight: 400;\">designed for groups who want action, excitement, and nonstop fun.<\/span><\/p>\t\t\t\t\t\t\t\t<\/div>\n\t\t\t\t<\/div>\n\t\t\t\t\t<\/div>\n\t\t\t\t<\/div>\n\t\t<div class=\"elementor-element elementor-element-20a46e9 e-flex e-con-boxed e-con e-parent\" data-id=\"20a46e9\" data-element_type=\"container\" data-e-type=\"container\">\n\t\t\t\t\t<div class=\"e-con-inner\">\n\t\t\t\t<div class=\"elementor-element elementor-element-b397e23 Text-outline elementor-widget elementor-widget-heading\" data-id=\"b397e23\" data-element_type=\"widget\" data-e-type=\"widget\" data-widget_type=\"heading.default\">\n\t\t\t\t<div class=\"elementor-widget-container\">\n\t\t\t\t\t<h2 class=\"elementor-heading-title elementor-size-default\">Step 1<\/h2>\t\t\t\t<\/div>\n\t\t\t\t<\/div>\n\t\t<div class=\"elementor-element elementor-element-dfe0d85 e-con-full e-transform e-transform e-transform e-flex e-con e-child\" data-id=\"dfe0d85\" data-element_type=\"container\" data-e-type=\"container\" data-settings=\"{&quot;background_background&quot;:&quot;classic&quot;,&quot;_transform_rotateZ_effect&quot;:{&quot;unit&quot;:&quot;px&quot;,&quot;size&quot;:-5,&quot;sizes&quot;:[]},&quot;_transform_rotateZ_effect_hover&quot;:{&quot;unit&quot;:&quot;px&quot;,&quot;size&quot;:2,&quot;sizes&quot;:[]},&quot;_transform_rotateZ_effect_tablet&quot;:{&quot;unit&quot;:&quot;deg&quot;,&quot;size&quot;:&quot;&quot;,&quot;sizes&quot;:[]},&quot;_transform_rotateZ_effect_mobile&quot;:{&quot;unit&quot;:&quot;deg&quot;,&quot;size&quot;:&quot;&quot;,&quot;sizes&quot;:[]},&quot;_transform_skewX_effect&quot;:{&quot;unit&quot;:&quot;px&quot;,&quot;size&quot;:&quot;&quot;,&quot;sizes&quot;:[]},&quot;_transform_skewX_effect_tablet&quot;:{&quot;unit&quot;:&quot;deg&quot;,&quot;size&quot;:&quot;&quot;,&quot;sizes&quot;:[]},&quot;_transform_skewX_effect_mobile&quot;:{&quot;unit&quot;:&quot;deg&quot;,&quot;size&quot;:&quot;&quot;,&quot;sizes&quot;:[]},&quot;_transform_skewY_effect&quot;:{&quot;unit&quot;:&quot;px&quot;,&quot;size&quot;:&quot;&quot;,&quot;sizes&quot;:[]},&quot;_transform_skewY_effect_tablet&quot;:{&quot;unit&quot;:&quot;deg&quot;,&quot;size&quot;:&quot;&quot;,&quot;sizes&quot;:[]},&quot;_transform_skewY_effect_mobile&quot;:{&quot;unit&quot;:&quot;deg&quot;,&quot;size&quot;:&quot;&quot;,&quot;sizes&quot;:[]},&quot;_transform_rotateZ_effect_hover_tablet&quot;:{&quot;unit&quot;:&quot;deg&quot;,&quot;size&quot;:&quot;&quot;,&quot;sizes&quot;:[]},&quot;_transform_rotateZ_effect_hover_mobile&quot;:{&quot;unit&quot;:&quot;deg&quot;,&quot;size&quot;:&quot;&quot;,&quot;sizes&quot;:[]}}\">\n\t\t\t\t<div class=\"elementor-element elementor-element-5728f34 elementor-widget elementor-widget-heading\" data-id=\"5728f34\" data-element_type=\"widget\" data-e-type=\"widget\" data-widget_type=\"heading.default\">\n\t\t\t\t<div class=\"elementor-widget-container\">\n\t\t\t\t\t<h2 class=\"elementor-heading-title elementor-size-default\">The firepower.<\/h2>\t\t\t\t<\/div>\n\t\t\t\t<\/div>\n\t\t\t\t<\/div>\n\t\t\t\t\t<\/div>\n\t\t\t\t<\/div>\n\t\t<div class=\"elementor-element elementor-element-9894374 e-flex e-con-boxed e-con e-parent\" data-id=\"9894374\" data-element_type=\"container\" data-e-type=\"container\">\n\t\t\t\t\t<div class=\"e-con-inner\">\n\t\t\t\t<div class=\"elementor-element elementor-element-5a223c0 elementor-widget elementor-widget-text-editor\" data-id=\"5a223c0\" data-element_type=\"widget\" data-e-type=\"widget\" data-widget_type=\"text-editor.default\">\n\t\t\t\t<div class=\"elementor-widget-container\">\n\t\t\t\t\t\t\t\t\t<p><span style=\"font-weight: 400;\">Kick off your stag weekend at a professional shooting range with real guns. Nothing wakes up a group faster than the smell of gunpowder and the sound of real weapons. Get hands-on with serious hardware like AK-47s, .44 Magnums, and other powerful firearms, guided by <\/span><span style=\"font-weight: 400;\">experienced instructors. It\u2019s loud, competitive, adrenaline-fueled, and an absolute must-have <\/span><span style=\"font-weight: 400;\">experience for any proper bachelor party or stag do in Budapest, Hungary.<\/span><\/p>\t\t\t\t\t\t\t\t<\/div>\n\t\t\t\t<\/div>\n\t\t\t\t\t<\/div>\n\t\t\t\t<\/div>\n\t\t<div class=\"elementor-element elementor-element-bedadc3 e-flex e-con-boxed e-con e-parent\" data-id=\"bedadc3\" data-element_type=\"container\" data-e-type=\"container\">\n\t\t\t\t\t<div class=\"e-con-inner\">\n\t\t\t\t<div class=\"elementor-element elementor-element-1d87f22 Text-outline elementor-widget elementor-widget-heading\" data-id=\"1d87f22\" data-element_type=\"widget\" data-e-type=\"widget\" data-widget_type=\"heading.default\">\n\t\t\t\t<div class=\"elementor-widget-container\">\n\t\t\t\t\t<h2 class=\"elementor-heading-title elementor-size-default\">Step 2<\/h2>\t\t\t\t<\/div>\n\t\t\t\t<\/div>\n\t\t<div class=\"elementor-element elementor-element-95b3723 e-con-full e-transform e-transform e-transform e-flex e-con e-child\" data-id=\"95b3723\" data-element_type=\"container\" data-e-type=\"container\" data-settings=\"{&quot;background_background&quot;:&quot;classic&quot;,&quot;_transform_rotateZ_effect&quot;:{&quot;unit&quot;:&quot;px&quot;,&quot;size&quot;:-5,&quot;sizes&quot;:[]},&quot;_transform_rotateZ_effect_hover&quot;:{&quot;unit&quot;:&quot;px&quot;,&quot;size&quot;:2,&quot;sizes&quot;:[]},&quot;_transform_rotateZ_effect_tablet&quot;:{&quot;unit&quot;:&quot;deg&quot;,&quot;size&quot;:&quot;&quot;,&quot;sizes&quot;:[]},&quot;_transform_rotateZ_effect_mobile&quot;:{&quot;unit&quot;:&quot;deg&quot;,&quot;size&quot;:&quot;&quot;,&quot;sizes&quot;:[]},&quot;_transform_skewX_effect&quot;:{&quot;unit&quot;:&quot;px&quot;,&quot;size&quot;:&quot;&quot;,&quot;sizes&quot;:[]},&quot;_transform_skewX_effect_tablet&quot;:{&quot;unit&quot;:&quot;deg&quot;,&quot;size&quot;:&quot;&quot;,&quot;sizes&quot;:[]},&quot;_transform_skewX_effect_mobile&quot;:{&quot;unit&quot;:&quot;deg&quot;,&quot;size&quot;:&quot;&quot;,&quot;sizes&quot;:[]},&quot;_transform_skewY_effect&quot;:{&quot;unit&quot;:&quot;px&quot;,&quot;size&quot;:&quot;&quot;,&quot;sizes&quot;:[]},&quot;_transform_skewY_effect_tablet&quot;:{&quot;unit&quot;:&quot;deg&quot;,&quot;size&quot;:&quot;&quot;,&quot;sizes&quot;:[]},&quot;_transform_skewY_effect_mobile&quot;:{&quot;unit&quot;:&quot;deg&quot;,&quot;size&quot;:&quot;&quot;,&quot;sizes&quot;:[]},&quot;_transform_rotateZ_effect_hover_tablet&quot;:{&quot;unit&quot;:&quot;deg&quot;,&quot;size&quot;:&quot;&quot;,&quot;sizes&quot;:[]},&quot;_transform_rotateZ_effect_hover_mobile&quot;:{&quot;unit&quot;:&quot;deg&quot;,&quot;size&quot;:&quot;&quot;,&quot;sizes&quot;:[]}}\">\n\t\t\t\t<div class=\"elementor-element elementor-element-4a89642 elementor-widget elementor-widget-heading\" data-id=\"4a89642\" data-element_type=\"widget\" data-e-type=\"widget\" data-widget_type=\"heading.default\">\n\t\t\t\t<div class=\"elementor-widget-container\">\n\t\t\t\t\t<h2 class=\"elementor-heading-title elementor-size-default\">The cooldown.<\/h2>\t\t\t\t<\/div>\n\t\t\t\t<\/div>\n\t\t\t\t<\/div>\n\t\t\t\t\t<\/div>\n\t\t\t\t<\/div>\n\t\t<div class=\"elementor-element elementor-element-15c0f30 e-flex e-con-boxed e-con e-parent\" data-id=\"15c0f30\" data-element_type=\"container\" data-e-type=\"container\">\n\t\t\t\t\t<div class=\"e-con-inner\">\n\t\t\t\t<div class=\"elementor-element elementor-element-3773cd5 elementor-widget elementor-widget-text-editor\" data-id=\"3773cd5\" data-element_type=\"widget\" data-e-type=\"widget\" data-widget_type=\"text-editor.default\">\n\t\t\t\t<div class=\"elementor-widget-container\">\n\t\t\t\t\t\t\t\t\t<p><span style=\"font-weight: 400;\">Once the smoke clears and the scores are settled, don\u2019t kill the vibe by arguing where to go next, only to end up hiding in a dark, crowded pub. Instead, hop on the Electric BeerBus Budapest for the ultimate post-shooting reward. Cruise through the city center on a premium electric party bus with unlimited beer on tap, your own music playlist blasting through the speakers, and open-air windows for that perfect party atmosphere.<\/span><\/p>\t\t\t\t\t\t\t\t<\/div>\n\t\t\t\t<\/div>\n\t\t\t\t<div class=\"elementor-element elementor-element-d16c348 elementor-widget elementor-widget-text-editor\" data-id=\"d16c348\" data-element_type=\"widget\" data-e-type=\"widget\" data-widget_type=\"text-editor.default\">\n\t\t\t\t<div class=\"elementor-widget-container\">\n\t\t\t\t\t\t\t\t\t<p><span style=\"font-weight: 400;\">Roll past Budapest\u2019s iconic streets and landmarks while celebrating in motion &#8211; no walking, <\/span><span style=\"font-weight: 400;\">no effort, just pure stag do energy. It\u2019s the smoothest transition from \u201cAction Hero\u201d to <\/span><span style=\"font-weight: 400;\">\u201cParty King.\u201d Guns for the thrill, BeerBus for the chill.<\/span><\/p>\t\t\t\t\t\t\t\t<\/div>\n\t\t\t\t<\/div>\n\t\t\t\t<div class=\"elementor-element elementor-element-372389d elementor-widget elementor-widget-text-editor\" data-id=\"372389d\" data-element_type=\"widget\" data-e-type=\"widget\" data-widget_type=\"text-editor.default\">\n\t\t\t\t<div class=\"elementor-widget-container\">\n\t\t\t\t\t\t\t\t\t<p><span style=\"font-weight: 400;\">Book this Budapest stag do power combo today and lock in a bachelor party your group will <\/span><span style=\"font-weight: 400;\">talk about long after the hangover fades.<\/span><\/p>\t\t\t\t\t\t\t\t<\/div>\n\t\t\t\t<\/div>\n\t\t\t\t<div class=\"elementor-element elementor-element-9fac415 elementor-widget elementor-widget-image\" data-id=\"9fac415\" data-element_type=\"widget\" data-e-type=\"widget\" data-widget_type=\"image.default\">\n\t\t\t\t<div class=\"elementor-widget-container\">\n\t\t\t\t\t\t\t\t\t\t\t\t\t\t\t<img fetchpriority=\"high\" decoding=\"async\" width=\"1024\" height=\"683\" src=\"https:\/\/www.budapestshooting2.eu\/wp-content\/uploads\/2026\/04\/Nevtelen-terv-17.jpg\" class=\"attachment-full size-full wp-image-2417\" alt=\"\" srcset=\"https:\/\/www.budapestshooting2.eu\/wp-content\/uploads\/2026\/04\/Nevtelen-terv-17.jpg 1024w, https:\/\/www.budapestshooting2.eu\/wp-content\/uploads\/2026\/04\/Nevtelen-terv-17-300x200.jpg 300w, https:\/\/www.budapestshooting2.eu\/wp-content\/uploads\/2026\/04\/Nevtelen-terv-17-768x512.jpg 768w, https:\/\/www.budapestshooting2.eu\/wp-content\/uploads\/2026\/04\/Nevtelen-terv-17-18x12.jpg 18w\" sizes=\"(max-width: 1024px) 100vw, 1024px\" \/>\t\t\t\t\t\t\t\t\t\t\t\t\t\t\t<\/div>\n\t\t\t\t<\/div>\n\t\t\t\t\t<\/div>\n\t\t\t\t<\/div>\n\t\t\t\t<\/div>","protected":false},"excerpt":{"rendered":"<p>The ultimate Budapest stag do combo Guns &amp; Beer Planning the perfect send-off for the groom? A legendary Budapest stag do needs the right balance between high-octane adrenaline and laid-back, ice-cold partying. Forget average bar crawls &#8211; this is the winning formula for an unforgettable bachelor afternoon in Budapest, designed for groups who want action, [&hellip;]<\/p>\n","protected":false},"author":4,"featured_media":0,"parent":0,"menu_order":0,"comment_status":"closed","ping_status":"closed","template":"","meta":{"_acf_changed":false,"footnotes":""},"class_list":["post-2431","page","type-page","status-publish","hentry"],"acf":[],"yoast_head":"<!-- This site is optimized with the Yoast SEO Premium plugin v27.5 (Yoast SEO v27.5) - https:\/\/yoast.com\/product\/yoast-seo-premium-wordpress\/ -->\n<title>The ultimate Budapest stag do combo: Guns &amp; Beer - Budapest Shooting 2 | Fun &amp; Action Shooting Range Budapest<\/title>\n<meta name=\"description\" content=\"Legjobb bar\u00e1todnak, p\u00e1rodnak vagy rokonodnak szeretn\u00e9l \u00f6r\u00f6kre sz\u00f3l\u00f3 \u00e9lm\u00e9nyt szerezni? Az \u00e9lm\u00e9nyl\u00f6v\u00e9szet aj\u00e1nd\u00e9kba is j\u00f3 v\u00e1laszt\u00e1s lehet\" \/>\n<meta name=\"robots\" content=\"index, follow, max-snippet:-1, max-image-preview:large, max-video-preview:-1\" \/>\n<link rel=\"canonical\" href=\"https:\/\/www.budapestshooting2.eu\/fr\/the-ultimate-budapest-stag-do-combo-guns-beer\/\" \/>\n<meta property=\"og:locale\" content=\"fr_FR\" \/>\n<meta property=\"og:type\" content=\"article\" \/>\n<meta property=\"og:title\" content=\"The ultimate Budapest stag do combo: Guns &amp; Beer\" \/>\n<meta property=\"og:description\" content=\"Legjobb bar\u00e1todnak, p\u00e1rodnak vagy rokonodnak szeretn\u00e9l \u00f6r\u00f6kre sz\u00f3l\u00f3 \u00e9lm\u00e9nyt szerezni? Az \u00e9lm\u00e9nyl\u00f6v\u00e9szet aj\u00e1nd\u00e9kba is j\u00f3 v\u00e1laszt\u00e1s lehet\" \/>\n<meta property=\"og:url\" content=\"https:\/\/www.budapestshooting2.eu\/fr\/the-ultimate-budapest-stag-do-combo-guns-beer\/\" \/>\n<meta property=\"og:site_name\" content=\"Budapest Shooting 2 | Fun &amp; Action Shooting Range Budapest\" \/>\n<meta property=\"article:modified_time\" content=\"2026-04-02T15:56:32+00:00\" \/>\n<meta property=\"og:image\" content=\"https:\/\/www.budapestshooting2.eu\/wp-content\/uploads\/2026\/04\/Nevtelen-terv-17.jpg\" \/>\n\t<meta property=\"og:image:width\" content=\"1024\" \/>\n\t<meta property=\"og:image:height\" content=\"683\" \/>\n\t<meta property=\"og:image:type\" content=\"image\/jpeg\" \/>\n<meta name=\"twitter:card\" content=\"summary_large_image\" \/>\n<meta name=\"twitter:label1\" content=\"Dur\u00e9e de lecture estim\u00e9e\" \/>\n\t<meta name=\"twitter:data1\" content=\"2 minutes\" \/>\n<script type=\"application\/ld+json\" class=\"yoast-schema-graph\">{\"@context\":\"https:\\\/\\\/schema.org\",\"@graph\":[{\"@type\":\"WebPage\",\"@id\":\"https:\\\/\\\/www.budapestshooting2.eu\\\/the-ultimate-budapest-stag-do-combo-guns-beer\\\/\",\"url\":\"https:\\\/\\\/www.budapestshooting2.eu\\\/the-ultimate-budapest-stag-do-combo-guns-beer\\\/\",\"name\":\"The ultimate Budapest stag do combo: Guns &amp; Beer - Budapest Shooting 2 | Fun &amp; Action Shooting Range Budapest\",\"isPartOf\":{\"@id\":\"https:\\\/\\\/www.budapestshooting2.eu\\\/#website\"},\"primaryImageOfPage\":{\"@id\":\"https:\\\/\\\/www.budapestshooting2.eu\\\/the-ultimate-budapest-stag-do-combo-guns-beer\\\/#primaryimage\"},\"image\":{\"@id\":\"https:\\\/\\\/www.budapestshooting2.eu\\\/the-ultimate-budapest-stag-do-combo-guns-beer\\\/#primaryimage\"},\"thumbnailUrl\":\"https:\\\/\\\/www.budapestshooting2.eu\\\/wp-content\\\/uploads\\\/2026\\\/04\\\/Nevtelen-terv-17.jpg\",\"datePublished\":\"2026-04-02T15:39:48+00:00\",\"dateModified\":\"2026-04-02T15:56:32+00:00\",\"description\":\"Legjobb bar\u00e1todnak, p\u00e1rodnak vagy rokonodnak szeretn\u00e9l \u00f6r\u00f6kre sz\u00f3l\u00f3 \u00e9lm\u00e9nyt szerezni? Az \u00e9lm\u00e9nyl\u00f6v\u00e9szet aj\u00e1nd\u00e9kba is j\u00f3 v\u00e1laszt\u00e1s lehet\",\"breadcrumb\":{\"@id\":\"https:\\\/\\\/www.budapestshooting2.eu\\\/the-ultimate-budapest-stag-do-combo-guns-beer\\\/#breadcrumb\"},\"inLanguage\":\"fr-FR\",\"potentialAction\":[{\"@type\":\"ReadAction\",\"target\":[\"https:\\\/\\\/www.budapestshooting2.eu\\\/the-ultimate-budapest-stag-do-combo-guns-beer\\\/\"]}]},{\"@type\":\"ImageObject\",\"inLanguage\":\"fr-FR\",\"@id\":\"https:\\\/\\\/www.budapestshooting2.eu\\\/the-ultimate-budapest-stag-do-combo-guns-beer\\\/#primaryimage\",\"url\":\"https:\\\/\\\/www.budapestshooting2.eu\\\/wp-content\\\/uploads\\\/2026\\\/04\\\/Nevtelen-terv-17.jpg\",\"contentUrl\":\"https:\\\/\\\/www.budapestshooting2.eu\\\/wp-content\\\/uploads\\\/2026\\\/04\\\/Nevtelen-terv-17.jpg\"},{\"@type\":\"BreadcrumbList\",\"@id\":\"https:\\\/\\\/www.budapestshooting2.eu\\\/the-ultimate-budapest-stag-do-combo-guns-beer\\\/#breadcrumb\",\"itemListElement\":[{\"@type\":\"ListItem\",\"position\":1,\"name\":\"Kezd\u0151lap\",\"item\":\"https:\\\/\\\/www.budapestshooting2.eu\\\/\"},{\"@type\":\"ListItem\",\"position\":2,\"name\":\"The ultimate Budapest stag do combo: Guns &amp; Beer\"}]},{\"@type\":\"WebSite\",\"@id\":\"https:\\\/\\\/www.budapestshooting2.eu\\\/#website\",\"url\":\"https:\\\/\\\/www.budapestshooting2.eu\\\/\",\"name\":\"Budapest Shooting 2 | Fun &amp; Action Shooting Range Budapest\",\"description\":\"Budapest Shooting Range - Best Indoor Shooting in Budapest\",\"publisher\":{\"@id\":\"https:\\\/\\\/www.budapestshooting2.eu\\\/#organization\"},\"potentialAction\":[{\"@type\":\"SearchAction\",\"target\":{\"@type\":\"EntryPoint\",\"urlTemplate\":\"https:\\\/\\\/www.budapestshooting2.eu\\\/?s={search_term_string}\"},\"query-input\":{\"@type\":\"PropertyValueSpecification\",\"valueRequired\":true,\"valueName\":\"search_term_string\"}}],\"inLanguage\":\"fr-FR\"},{\"@type\":\"Organization\",\"@id\":\"https:\\\/\\\/www.budapestshooting2.eu\\\/#organization\",\"name\":\"Budapest Shooting 2 | Fun &amp; Action Shooting Range Budapest\",\"url\":\"https:\\\/\\\/www.budapestshooting2.eu\\\/\",\"logo\":{\"@type\":\"ImageObject\",\"inLanguage\":\"fr-FR\",\"@id\":\"https:\\\/\\\/www.budapestshooting2.eu\\\/#\\\/schema\\\/logo\\\/image\\\/\",\"url\":\"https:\\\/\\\/www.budapestshooting2.eu\\\/wp-content\\\/uploads\\\/2025\\\/06\\\/Budapest-Shooting-2-logo.png\",\"contentUrl\":\"https:\\\/\\\/www.budapestshooting2.eu\\\/wp-content\\\/uploads\\\/2025\\\/06\\\/Budapest-Shooting-2-logo.png\",\"width\":342,\"height\":183,\"caption\":\"Budapest Shooting 2 | Fun &amp; Action Shooting Range Budapest\"},\"image\":{\"@id\":\"https:\\\/\\\/www.budapestshooting2.eu\\\/#\\\/schema\\\/logo\\\/image\\\/\"}}]}<\/script>\n<!-- \/ Yoast SEO Premium plugin. -->","yoast_head_json":{"title":"The ultimate Budapest stag do combo: Guns &amp; Beer - Budapest Shooting 2 | Fun &amp; Action Shooting Range Budapest","description":"Voulez-vous offrir \u00e0 votre meilleur ami, partenaire ou parent une exp\u00e9rience qui durera toute une vie ? Offrir une exp\u00e9rience de tir en cadeau peut \u00eatre un bon choix.","robots":{"index":"index","follow":"follow","max-snippet":"max-snippet:-1","max-image-preview":"max-image-preview:large","max-video-preview":"max-video-preview:-1"},"canonical":"https:\/\/www.budapestshooting2.eu\/fr\/the-ultimate-budapest-stag-do-combo-guns-beer\/","og_locale":"fr_FR","og_type":"article","og_title":"The ultimate Budapest stag do combo: Guns &amp; Beer","og_description":"Legjobb bar\u00e1todnak, p\u00e1rodnak vagy rokonodnak szeretn\u00e9l \u00f6r\u00f6kre sz\u00f3l\u00f3 \u00e9lm\u00e9nyt szerezni? Az \u00e9lm\u00e9nyl\u00f6v\u00e9szet aj\u00e1nd\u00e9kba is j\u00f3 v\u00e1laszt\u00e1s lehet","og_url":"https:\/\/www.budapestshooting2.eu\/fr\/the-ultimate-budapest-stag-do-combo-guns-beer\/","og_site_name":"Budapest Shooting 2 | Fun &amp; Action Shooting Range Budapest","article_modified_time":"2026-04-02T15:56:32+00:00","og_image":[{"width":1024,"height":683,"url":"https:\/\/www.budapestshooting2.eu\/wp-content\/uploads\/2026\/04\/Nevtelen-terv-17.jpg","type":"image\/jpeg"}],"twitter_card":"summary_large_image","twitter_misc":{"Dur\u00e9e de lecture estim\u00e9e":"2 minutes"},"schema":{"@context":"https:\/\/schema.org","@graph":[{"@type":"WebPage","@id":"https:\/\/www.budapestshooting2.eu\/the-ultimate-budapest-stag-do-combo-guns-beer\/","url":"https:\/\/www.budapestshooting2.eu\/the-ultimate-budapest-stag-do-combo-guns-beer\/","name":"The ultimate Budapest stag do combo: Guns &amp; Beer - Budapest Shooting 2 | Fun &amp; Action Shooting Range Budapest","isPartOf":{"@id":"https:\/\/www.budapestshooting2.eu\/#website"},"primaryImageOfPage":{"@id":"https:\/\/www.budapestshooting2.eu\/the-ultimate-budapest-stag-do-combo-guns-beer\/#primaryimage"},"image":{"@id":"https:\/\/www.budapestshooting2.eu\/the-ultimate-budapest-stag-do-combo-guns-beer\/#primaryimage"},"thumbnailUrl":"https:\/\/www.budapestshooting2.eu\/wp-content\/uploads\/2026\/04\/Nevtelen-terv-17.jpg","datePublished":"2026-04-02T15:39:48+00:00","dateModified":"2026-04-02T15:56:32+00:00","description":"Voulez-vous offrir \u00e0 votre meilleur ami, partenaire ou parent une exp\u00e9rience qui durera toute une vie ? Offrir une exp\u00e9rience de tir en cadeau peut \u00eatre un bon choix.","breadcrumb":{"@id":"https:\/\/www.budapestshooting2.eu\/the-ultimate-budapest-stag-do-combo-guns-beer\/#breadcrumb"},"inLanguage":"fr-FR","potentialAction":[{"@type":"ReadAction","target":["https:\/\/www.budapestshooting2.eu\/the-ultimate-budapest-stag-do-combo-guns-beer\/"]}]},{"@type":"ImageObject","inLanguage":"fr-FR","@id":"https:\/\/www.budapestshooting2.eu\/the-ultimate-budapest-stag-do-combo-guns-beer\/#primaryimage","url":"https:\/\/www.budapestshooting2.eu\/wp-content\/uploads\/2026\/04\/Nevtelen-terv-17.jpg","contentUrl":"https:\/\/www.budapestshooting2.eu\/wp-content\/uploads\/2026\/04\/Nevtelen-terv-17.jpg"},{"@type":"BreadcrumbList","@id":"https:\/\/www.budapestshooting2.eu\/the-ultimate-budapest-stag-do-combo-guns-beer\/#breadcrumb","itemListElement":[{"@type":"ListItem","position":1,"name":"Kezd\u0151lap","item":"https:\/\/www.budapestshooting2.eu\/"},{"@type":"ListItem","position":2,"name":"The ultimate Budapest stag do combo: Guns &amp; Beer"}]},{"@type":"WebSite","@id":"https:\/\/www.budapestshooting2.eu\/#website","url":"https:\/\/www.budapestshooting2.eu\/","name":"Budapest Shooting 2 | Fun &amp; Action Shooting Range Budapest","description":"Champ de tir de Budapest - Le meilleur tir en salle \u00e0 Budapest","publisher":{"@id":"https:\/\/www.budapestshooting2.eu\/#organization"},"potentialAction":[{"@type":"SearchAction","target":{"@type":"EntryPoint","urlTemplate":"https:\/\/www.budapestshooting2.eu\/?s={search_term_string}"},"query-input":{"@type":"PropertyValueSpecification","valueRequired":true,"valueName":"search_term_string"}}],"inLanguage":"fr-FR"},{"@type":"Organization","@id":"https:\/\/www.budapestshooting2.eu\/#organization","name":"Budapest Shooting 2 | Fun &amp; Action Shooting Range Budapest","url":"https:\/\/www.budapestshooting2.eu\/","logo":{"@type":"ImageObject","inLanguage":"fr-FR","@id":"https:\/\/www.budapestshooting2.eu\/#\/schema\/logo\/image\/","url":"https:\/\/www.budapestshooting2.eu\/wp-content\/uploads\/2025\/06\/Budapest-Shooting-2-logo.png","contentUrl":"https:\/\/www.budapestshooting2.eu\/wp-content\/uploads\/2025\/06\/Budapest-Shooting-2-logo.png","width":342,"height":183,"caption":"Budapest Shooting 2 | Fun &amp; Action Shooting Range Budapest"},"image":{"@id":"https:\/\/www.budapestshooting2.eu\/#\/schema\/logo\/image\/"}}]}},"_links":{"self":[{"href":"https:\/\/www.budapestshooting2.eu\/fr\/wp-json\/wp\/v2\/pages\/2431","targetHints":{"allow":["GET"]}}],"collection":[{"href":"https:\/\/www.budapestshooting2.eu\/fr\/wp-json\/wp\/v2\/pages"}],"about":[{"href":"https:\/\/www.budapestshooting2.eu\/fr\/wp-json\/wp\/v2\/types\/page"}],"author":[{"embeddable":true,"href":"https:\/\/www.budapestshooting2.eu\/fr\/wp-json\/wp\/v2\/users\/4"}],"replies":[{"embeddable":true,"href":"https:\/\/www.budapestshooting2.eu\/fr\/wp-json\/wp\/v2\/comments?post=2431"}],"version-history":[{"count":13,"href":"https:\/\/www.budapestshooting2.eu\/fr\/wp-json\/wp\/v2\/pages\/2431\/revisions"}],"predecessor-version":[{"id":2472,"href":"https:\/\/www.budapestshooting2.eu\/fr\/wp-json\/wp\/v2\/pages\/2431\/revisions\/2472"}],"wp:attachment":[{"href":"https:\/\/www.budapestshooting2.eu\/fr\/wp-json\/wp\/v2\/media?parent=2431"}],"curies":[{"name":"wp","href":"https:\/\/api.w.org\/{rel}","templated":true}]}}