{"id":2409,"date":"2026-04-02T12:33:01","date_gmt":"2026-04-02T12:33:01","guid":{"rendered":"https:\/\/www.budapestshooting2.eu\/?page_id=2409"},"modified":"2026-04-07T09:47:41","modified_gmt":"2026-04-07T09:47:41","slug":"the-original-budapest-electric-beerbus-sightseeing-with-a-twist-since-2020","status":"publish","type":"page","link":"https:\/\/www.budapestshooting2.eu\/fr\/the-original-budapest-electric-beerbus-sightseeing-with-a-twist-since-2020\/","title":{"rendered":"The original Budapest Electric BeerBus &#8211; Sightseeing with a twist since 2020"},"content":{"rendered":"<div data-elementor-type=\"wp-page\" data-elementor-id=\"2409\" class=\"elementor elementor-2409\" data-elementor-post-type=\"page\">\n\t\t\t\t<div class=\"elementor-element elementor-element-cb1b272 e-flex e-con-boxed e-con e-parent\" data-id=\"cb1b272\" data-element_type=\"container\" data-e-type=\"container\">\n\t\t\t\t\t<div class=\"e-con-inner\">\n\t\t\t\t<div class=\"elementor-element elementor-element-645356a Text-outline elementor-widget elementor-widget-heading\" data-id=\"645356a\" data-element_type=\"widget\" data-e-type=\"widget\" data-widget_type=\"heading.default\">\n\t\t\t\t<div class=\"elementor-widget-container\">\n\t\t\t\t\t<h2 class=\"elementor-heading-title elementor-size-default\">The original Budapest Electric BeerBus<\/h2>\t\t\t\t<\/div>\n\t\t\t\t<\/div>\n\t\t<div class=\"elementor-element elementor-element-c7f4334 e-con-full e-transform e-transform e-transform e-flex e-con e-child\" data-id=\"c7f4334\" data-element_type=\"container\" data-e-type=\"container\" data-settings=\"{&quot;background_background&quot;:&quot;classic&quot;,&quot;_transform_rotateZ_effect&quot;:{&quot;unit&quot;:&quot;px&quot;,&quot;size&quot;:-5,&quot;sizes&quot;:[]},&quot;_transform_rotateZ_effect_hover&quot;:{&quot;unit&quot;:&quot;px&quot;,&quot;size&quot;:2,&quot;sizes&quot;:[]},&quot;_transform_rotateZ_effect_tablet&quot;:{&quot;unit&quot;:&quot;deg&quot;,&quot;size&quot;:&quot;&quot;,&quot;sizes&quot;:[]},&quot;_transform_rotateZ_effect_mobile&quot;:{&quot;unit&quot;:&quot;deg&quot;,&quot;size&quot;:&quot;&quot;,&quot;sizes&quot;:[]},&quot;_transform_skewX_effect&quot;:{&quot;unit&quot;:&quot;px&quot;,&quot;size&quot;:&quot;&quot;,&quot;sizes&quot;:[]},&quot;_transform_skewX_effect_tablet&quot;:{&quot;unit&quot;:&quot;deg&quot;,&quot;size&quot;:&quot;&quot;,&quot;sizes&quot;:[]},&quot;_transform_skewX_effect_mobile&quot;:{&quot;unit&quot;:&quot;deg&quot;,&quot;size&quot;:&quot;&quot;,&quot;sizes&quot;:[]},&quot;_transform_skewY_effect&quot;:{&quot;unit&quot;:&quot;px&quot;,&quot;size&quot;:&quot;&quot;,&quot;sizes&quot;:[]},&quot;_transform_skewY_effect_tablet&quot;:{&quot;unit&quot;:&quot;deg&quot;,&quot;size&quot;:&quot;&quot;,&quot;sizes&quot;:[]},&quot;_transform_skewY_effect_mobile&quot;:{&quot;unit&quot;:&quot;deg&quot;,&quot;size&quot;:&quot;&quot;,&quot;sizes&quot;:[]},&quot;_transform_rotateZ_effect_hover_tablet&quot;:{&quot;unit&quot;:&quot;deg&quot;,&quot;size&quot;:&quot;&quot;,&quot;sizes&quot;:[]},&quot;_transform_rotateZ_effect_hover_mobile&quot;:{&quot;unit&quot;:&quot;deg&quot;,&quot;size&quot;:&quot;&quot;,&quot;sizes&quot;:[]}}\">\n\t\t\t\t<div class=\"elementor-element elementor-element-8165d7b elementor-widget elementor-widget-heading\" data-id=\"8165d7b\" data-element_type=\"widget\" data-e-type=\"widget\" data-widget_type=\"heading.default\">\n\t\t\t\t<div class=\"elementor-widget-container\">\n\t\t\t\t\t<h2 class=\"elementor-heading-title elementor-size-default\">Sightseeing with a twist since 2020<\/h2>\t\t\t\t<\/div>\n\t\t\t\t<\/div>\n\t\t\t\t<\/div>\n\t\t\t\t\t<\/div>\n\t\t\t\t<\/div>\n\t\t<div class=\"elementor-element elementor-element-290f31a e-flex e-con-boxed e-con e-parent\" data-id=\"290f31a\" data-element_type=\"container\" data-e-type=\"container\">\n\t\t\t\t\t<div class=\"e-con-inner\">\n\t\t\t\t<div class=\"elementor-element elementor-element-b903d5a elementor-widget elementor-widget-text-editor\" data-id=\"b903d5a\" data-element_type=\"widget\" data-e-type=\"widget\" data-widget_type=\"text-editor.default\">\n\t\t\t\t<div class=\"elementor-widget-container\">\n\t\t\t\t\t\t\t\t\t<p><span style=\"font-weight: 400;\">Want to discover Budapest\u2019s most iconic sights like Heroes\u2019 Square, the Budapest Eye, and <\/span><span style=\"font-weight: 400;\">the elegant Andr\u00e1ssy Avenue without joining boring walking tours or overcrowded sightseeing buses? Welcome to eBeerBus, Budapest\u2019s first and only fully electric BeerBus, <\/span><span style=\"font-weight: 400;\">where sightseeing meets party vibes.<\/span><\/p><p>\u00a0<\/p>\t\t\t\t\t\t\t\t<\/div>\n\t\t\t\t<\/div>\n\t\t\t\t\t<\/div>\n\t\t\t\t<\/div>\n\t\t<div class=\"elementor-element elementor-element-9894374 e-flex e-con-boxed e-con e-parent\" data-id=\"9894374\" data-element_type=\"container\" data-e-type=\"container\">\n\t\t\t\t\t<div class=\"e-con-inner\">\n\t\t\t\t<div class=\"elementor-element elementor-element-5a223c0 elementor-widget elementor-widget-text-editor\" data-id=\"5a223c0\" data-element_type=\"widget\" data-e-type=\"widget\" data-widget_type=\"text-editor.default\">\n\t\t\t\t<div class=\"elementor-widget-container\">\n\t\t\t\t\t\t\t\t\t<p><span style=\"font-weight: 400;\">We took the legendary fun of the traditional BeerBike and removed the hard work <\/span><span style=\"font-weight: 400;\">completely. No pedaling, no effort &#8211; just relaxed, limitless fun. Since 2020, eBeerBus has <\/span><span style=\"font-weight: 400;\">been the top choice for groups who want to combine Budapest sightseeing with cold beer <\/span><span style=\"font-weight: 400;\">and great music. Powered by a silent electric engine, our eco-friendly party bus cruises <\/span><span style=\"font-weight: 400;\">through iconic city routes, letting you enjoy the views while your own playlist sets the mood.<\/span><\/p>\t\t\t\t\t\t\t\t<\/div>\n\t\t\t\t<\/div>\n\t\t\t\t\t<\/div>\n\t\t\t\t<\/div>\n\t\t<div class=\"elementor-element elementor-element-15c0f30 e-flex e-con-boxed e-con e-parent\" data-id=\"15c0f30\" data-element_type=\"container\" data-e-type=\"container\">\n\t\t\t\t\t<div class=\"e-con-inner\">\n\t\t\t\t<div class=\"elementor-element elementor-element-3773cd5 elementor-widget elementor-widget-text-editor\" data-id=\"3773cd5\" data-element_type=\"widget\" data-e-type=\"widget\" data-widget_type=\"text-editor.default\">\n\t\t\t\t<div class=\"elementor-widget-container\">\n\t\t\t\t\t\t\t\t\t<p><span style=\"font-weight: 400;\">Whether you\u2019re planning a stag do, hen party, birthday celebration, group trip, or <\/span><span style=\"font-weight: 400;\">corporate event we provide the ultimate party setting. Enjoy comfortable seating, open-air <\/span><span style=\"font-weight: 400;\">windows, a professional sound system for your music, and unlimited beer on tap while <\/span><span style=\"font-weight: 400;\">exploring the heart of Budapest in style.<\/span><\/p>\t\t\t\t\t\t\t\t<\/div>\n\t\t\t\t<\/div>\n\t\t\t\t<div class=\"elementor-element elementor-element-b64bfec elementor-widget elementor-widget-text-editor\" data-id=\"b64bfec\" data-element_type=\"widget\" data-e-type=\"widget\" data-widget_type=\"text-editor.default\">\n\t\t\t\t<div class=\"elementor-widget-container\">\n\t\t\t\t\t\t\t\t\t<p><span style=\"font-weight: 400;\">Looking to level up your experience? Ask about our hostess service for an even smoother and more memorable ride. Choose the original, eco-conscious, and most fun way to see <\/span><span style=\"font-weight: 400;\">Budapest. Book your electric BeerBus experience today at <\/span><a href=\"http:\/\/ebeerbus.com\"><span style=\"font-weight: 400;\">ebeerbus.com<\/span><\/a><span style=\"font-weight: 400;\"> and turn <\/span><span style=\"font-weight: 400;\">sightseeing into a moving party!<\/span><\/p>\t\t\t\t\t\t\t\t<\/div>\n\t\t\t\t<\/div>\n\t\t\t\t<div class=\"elementor-element elementor-element-9fac415 elementor-widget elementor-widget-image\" data-id=\"9fac415\" data-element_type=\"widget\" data-e-type=\"widget\" data-widget_type=\"image.default\">\n\t\t\t\t<div class=\"elementor-widget-container\">\n\t\t\t\t\t\t\t\t\t\t\t\t\t\t\t<img fetchpriority=\"high\" decoding=\"async\" width=\"1024\" height=\"683\" src=\"https:\/\/www.budapestshooting2.eu\/wp-content\/uploads\/2026\/04\/Nevtelen-terv-16.jpg\" class=\"attachment-full size-full wp-image-2418\" alt=\"\" srcset=\"https:\/\/www.budapestshooting2.eu\/wp-content\/uploads\/2026\/04\/Nevtelen-terv-16.jpg 1024w, https:\/\/www.budapestshooting2.eu\/wp-content\/uploads\/2026\/04\/Nevtelen-terv-16-300x200.jpg 300w, https:\/\/www.budapestshooting2.eu\/wp-content\/uploads\/2026\/04\/Nevtelen-terv-16-768x512.jpg 768w, https:\/\/www.budapestshooting2.eu\/wp-content\/uploads\/2026\/04\/Nevtelen-terv-16-18x12.jpg 18w\" sizes=\"(max-width: 1024px) 100vw, 1024px\" \/>\t\t\t\t\t\t\t\t\t\t\t\t\t\t\t<\/div>\n\t\t\t\t<\/div>\n\t\t\t\t\t<\/div>\n\t\t\t\t<\/div>\n\t\t\t\t<\/div>","protected":false},"excerpt":{"rendered":"<p>The original Budapest Electric BeerBus Sightseeing with a twist since 2020 Want to discover Budapest\u2019s most iconic sights like Heroes\u2019 Square, the Budapest Eye, and the elegant Andr\u00e1ssy Avenue without joining boring walking tours or overcrowded sightseeing buses? Welcome to eBeerBus, Budapest\u2019s first and only fully electric BeerBus, where sightseeing meets party vibes. \u00a0 We [&hellip;]<\/p>\n","protected":false},"author":4,"featured_media":2418,"parent":0,"menu_order":0,"comment_status":"closed","ping_status":"closed","template":"","meta":{"_acf_changed":false,"footnotes":""},"class_list":["post-2409","page","type-page","status-publish","has-post-thumbnail","hentry"],"acf":[],"yoast_head":"<!-- This site is optimized with the Yoast SEO Premium plugin v27.5 (Yoast SEO v27.5) - https:\/\/yoast.com\/product\/yoast-seo-premium-wordpress\/ -->\n<title>The original Budapest Electric BeerBus - Sightseeing with a twist since 2020 - Budapest Shooting 2 | Fun &amp; Action Shooting Range Budapest<\/title>\n<meta name=\"description\" content=\"Legjobb bar\u00e1todnak, p\u00e1rodnak vagy rokonodnak szeretn\u00e9l \u00f6r\u00f6kre sz\u00f3l\u00f3 \u00e9lm\u00e9nyt szerezni? Az \u00e9lm\u00e9nyl\u00f6v\u00e9szet aj\u00e1nd\u00e9kba is j\u00f3 v\u00e1laszt\u00e1s lehet\" \/>\n<meta name=\"robots\" content=\"index, follow, max-snippet:-1, max-image-preview:large, max-video-preview:-1\" \/>\n<link rel=\"canonical\" href=\"https:\/\/www.budapestshooting2.eu\/fr\/the-original-budapest-electric-beerbus-sightseeing-with-a-twist-since-2020\/\" \/>\n<meta property=\"og:locale\" content=\"fr_FR\" \/>\n<meta property=\"og:type\" content=\"article\" \/>\n<meta property=\"og:title\" content=\"The original Budapest Electric BeerBus - Sightseeing with a twist since 2020\" \/>\n<meta property=\"og:description\" content=\"Legjobb bar\u00e1todnak, p\u00e1rodnak vagy rokonodnak szeretn\u00e9l \u00f6r\u00f6kre sz\u00f3l\u00f3 \u00e9lm\u00e9nyt szerezni? Az \u00e9lm\u00e9nyl\u00f6v\u00e9szet aj\u00e1nd\u00e9kba is j\u00f3 v\u00e1laszt\u00e1s lehet\" \/>\n<meta property=\"og:url\" content=\"https:\/\/www.budapestshooting2.eu\/fr\/the-original-budapest-electric-beerbus-sightseeing-with-a-twist-since-2020\/\" \/>\n<meta property=\"og:site_name\" content=\"Budapest Shooting 2 | Fun &amp; Action Shooting Range Budapest\" \/>\n<meta property=\"article:modified_time\" content=\"2026-04-07T09:47:41+00:00\" \/>\n<meta property=\"og:image\" content=\"https:\/\/www.budapestshooting2.eu\/wp-content\/uploads\/2026\/04\/Nevtelen-terv-16.jpg\" \/>\n\t<meta property=\"og:image:width\" content=\"1024\" \/>\n\t<meta property=\"og:image:height\" content=\"683\" \/>\n\t<meta property=\"og:image:type\" content=\"image\/jpeg\" \/>\n<meta name=\"twitter:card\" content=\"summary_large_image\" \/>\n<meta name=\"twitter:label1\" content=\"Dur\u00e9e de lecture estim\u00e9e\" \/>\n\t<meta name=\"twitter:data1\" content=\"2 minutes\" \/>\n<script type=\"application\/ld+json\" class=\"yoast-schema-graph\">{\"@context\":\"https:\\\/\\\/schema.org\",\"@graph\":[{\"@type\":\"WebPage\",\"@id\":\"https:\\\/\\\/www.budapestshooting2.eu\\\/the-original-budapest-electric-beerbus-sightseeing-with-a-twist-since-2020\\\/\",\"url\":\"https:\\\/\\\/www.budapestshooting2.eu\\\/the-original-budapest-electric-beerbus-sightseeing-with-a-twist-since-2020\\\/\",\"name\":\"The original Budapest Electric BeerBus - Sightseeing with a twist since 2020 - Budapest Shooting 2 | Fun &amp; Action Shooting Range Budapest\",\"isPartOf\":{\"@id\":\"https:\\\/\\\/www.budapestshooting2.eu\\\/#website\"},\"primaryImageOfPage\":{\"@id\":\"https:\\\/\\\/www.budapestshooting2.eu\\\/the-original-budapest-electric-beerbus-sightseeing-with-a-twist-since-2020\\\/#primaryimage\"},\"image\":{\"@id\":\"https:\\\/\\\/www.budapestshooting2.eu\\\/the-original-budapest-electric-beerbus-sightseeing-with-a-twist-since-2020\\\/#primaryimage\"},\"thumbnailUrl\":\"https:\\\/\\\/www.budapestshooting2.eu\\\/wp-content\\\/uploads\\\/2026\\\/04\\\/Nevtelen-terv-16.jpg\",\"datePublished\":\"2026-04-02T12:33:01+00:00\",\"dateModified\":\"2026-04-07T09:47:41+00:00\",\"description\":\"Legjobb bar\u00e1todnak, p\u00e1rodnak vagy rokonodnak szeretn\u00e9l \u00f6r\u00f6kre sz\u00f3l\u00f3 \u00e9lm\u00e9nyt szerezni? Az \u00e9lm\u00e9nyl\u00f6v\u00e9szet aj\u00e1nd\u00e9kba is j\u00f3 v\u00e1laszt\u00e1s lehet\",\"breadcrumb\":{\"@id\":\"https:\\\/\\\/www.budapestshooting2.eu\\\/the-original-budapest-electric-beerbus-sightseeing-with-a-twist-since-2020\\\/#breadcrumb\"},\"inLanguage\":\"fr-FR\",\"potentialAction\":[{\"@type\":\"ReadAction\",\"target\":[\"https:\\\/\\\/www.budapestshooting2.eu\\\/the-original-budapest-electric-beerbus-sightseeing-with-a-twist-since-2020\\\/\"]}]},{\"@type\":\"ImageObject\",\"inLanguage\":\"fr-FR\",\"@id\":\"https:\\\/\\\/www.budapestshooting2.eu\\\/the-original-budapest-electric-beerbus-sightseeing-with-a-twist-since-2020\\\/#primaryimage\",\"url\":\"https:\\\/\\\/www.budapestshooting2.eu\\\/wp-content\\\/uploads\\\/2026\\\/04\\\/Nevtelen-terv-16.jpg\",\"contentUrl\":\"https:\\\/\\\/www.budapestshooting2.eu\\\/wp-content\\\/uploads\\\/2026\\\/04\\\/Nevtelen-terv-16.jpg\",\"width\":1024,\"height\":683},{\"@type\":\"BreadcrumbList\",\"@id\":\"https:\\\/\\\/www.budapestshooting2.eu\\\/the-original-budapest-electric-beerbus-sightseeing-with-a-twist-since-2020\\\/#breadcrumb\",\"itemListElement\":[{\"@type\":\"ListItem\",\"position\":1,\"name\":\"Kezd\u0151lap\",\"item\":\"https:\\\/\\\/www.budapestshooting2.eu\\\/\"},{\"@type\":\"ListItem\",\"position\":2,\"name\":\"The original Budapest Electric BeerBus &#8211; Sightseeing with a twist since 2020\"}]},{\"@type\":\"WebSite\",\"@id\":\"https:\\\/\\\/www.budapestshooting2.eu\\\/#website\",\"url\":\"https:\\\/\\\/www.budapestshooting2.eu\\\/\",\"name\":\"Budapest Shooting 2 | Fun &amp; Action Shooting Range Budapest\",\"description\":\"Budapest Shooting Range - Best Indoor Shooting in Budapest\",\"publisher\":{\"@id\":\"https:\\\/\\\/www.budapestshooting2.eu\\\/#organization\"},\"potentialAction\":[{\"@type\":\"SearchAction\",\"target\":{\"@type\":\"EntryPoint\",\"urlTemplate\":\"https:\\\/\\\/www.budapestshooting2.eu\\\/?s={search_term_string}\"},\"query-input\":{\"@type\":\"PropertyValueSpecification\",\"valueRequired\":true,\"valueName\":\"search_term_string\"}}],\"inLanguage\":\"fr-FR\"},{\"@type\":\"Organization\",\"@id\":\"https:\\\/\\\/www.budapestshooting2.eu\\\/#organization\",\"name\":\"Budapest Shooting 2 | Fun &amp; Action Shooting Range Budapest\",\"url\":\"https:\\\/\\\/www.budapestshooting2.eu\\\/\",\"logo\":{\"@type\":\"ImageObject\",\"inLanguage\":\"fr-FR\",\"@id\":\"https:\\\/\\\/www.budapestshooting2.eu\\\/#\\\/schema\\\/logo\\\/image\\\/\",\"url\":\"https:\\\/\\\/www.budapestshooting2.eu\\\/wp-content\\\/uploads\\\/2025\\\/06\\\/Budapest-Shooting-2-logo.png\",\"contentUrl\":\"https:\\\/\\\/www.budapestshooting2.eu\\\/wp-content\\\/uploads\\\/2025\\\/06\\\/Budapest-Shooting-2-logo.png\",\"width\":342,\"height\":183,\"caption\":\"Budapest Shooting 2 | Fun &amp; Action Shooting Range Budapest\"},\"image\":{\"@id\":\"https:\\\/\\\/www.budapestshooting2.eu\\\/#\\\/schema\\\/logo\\\/image\\\/\"}}]}<\/script>\n<!-- \/ Yoast SEO Premium plugin. -->","yoast_head_json":{"title":"The original Budapest Electric BeerBus - Sightseeing with a twist since 2020 - Budapest Shooting 2 | Fun &amp; Action Shooting Range Budapest","description":"Voulez-vous offrir \u00e0 votre meilleur ami, partenaire ou parent une exp\u00e9rience qui durera toute une vie ? Offrir une exp\u00e9rience de tir en cadeau peut \u00eatre un bon choix.","robots":{"index":"index","follow":"follow","max-snippet":"max-snippet:-1","max-image-preview":"max-image-preview:large","max-video-preview":"max-video-preview:-1"},"canonical":"https:\/\/www.budapestshooting2.eu\/fr\/the-original-budapest-electric-beerbus-sightseeing-with-a-twist-since-2020\/","og_locale":"fr_FR","og_type":"article","og_title":"The original Budapest Electric BeerBus - Sightseeing with a twist since 2020","og_description":"Legjobb bar\u00e1todnak, p\u00e1rodnak vagy rokonodnak szeretn\u00e9l \u00f6r\u00f6kre sz\u00f3l\u00f3 \u00e9lm\u00e9nyt szerezni? Az \u00e9lm\u00e9nyl\u00f6v\u00e9szet aj\u00e1nd\u00e9kba is j\u00f3 v\u00e1laszt\u00e1s lehet","og_url":"https:\/\/www.budapestshooting2.eu\/fr\/the-original-budapest-electric-beerbus-sightseeing-with-a-twist-since-2020\/","og_site_name":"Budapest Shooting 2 | Fun &amp; Action Shooting Range Budapest","article_modified_time":"2026-04-07T09:47:41+00:00","og_image":[{"width":1024,"height":683,"url":"https:\/\/www.budapestshooting2.eu\/wp-content\/uploads\/2026\/04\/Nevtelen-terv-16.jpg","type":"image\/jpeg"}],"twitter_card":"summary_large_image","twitter_misc":{"Dur\u00e9e de lecture estim\u00e9e":"2 minutes"},"schema":{"@context":"https:\/\/schema.org","@graph":[{"@type":"WebPage","@id":"https:\/\/www.budapestshooting2.eu\/the-original-budapest-electric-beerbus-sightseeing-with-a-twist-since-2020\/","url":"https:\/\/www.budapestshooting2.eu\/the-original-budapest-electric-beerbus-sightseeing-with-a-twist-since-2020\/","name":"The original Budapest Electric BeerBus - Sightseeing with a twist since 2020 - Budapest Shooting 2 | Fun &amp; Action Shooting Range Budapest","isPartOf":{"@id":"https:\/\/www.budapestshooting2.eu\/#website"},"primaryImageOfPage":{"@id":"https:\/\/www.budapestshooting2.eu\/the-original-budapest-electric-beerbus-sightseeing-with-a-twist-since-2020\/#primaryimage"},"image":{"@id":"https:\/\/www.budapestshooting2.eu\/the-original-budapest-electric-beerbus-sightseeing-with-a-twist-since-2020\/#primaryimage"},"thumbnailUrl":"https:\/\/www.budapestshooting2.eu\/wp-content\/uploads\/2026\/04\/Nevtelen-terv-16.jpg","datePublished":"2026-04-02T12:33:01+00:00","dateModified":"2026-04-07T09:47:41+00:00","description":"Voulez-vous offrir \u00e0 votre meilleur ami, partenaire ou parent une exp\u00e9rience qui durera toute une vie ? Offrir une exp\u00e9rience de tir en cadeau peut \u00eatre un bon choix.","breadcrumb":{"@id":"https:\/\/www.budapestshooting2.eu\/the-original-budapest-electric-beerbus-sightseeing-with-a-twist-since-2020\/#breadcrumb"},"inLanguage":"fr-FR","potentialAction":[{"@type":"ReadAction","target":["https:\/\/www.budapestshooting2.eu\/the-original-budapest-electric-beerbus-sightseeing-with-a-twist-since-2020\/"]}]},{"@type":"ImageObject","inLanguage":"fr-FR","@id":"https:\/\/www.budapestshooting2.eu\/the-original-budapest-electric-beerbus-sightseeing-with-a-twist-since-2020\/#primaryimage","url":"https:\/\/www.budapestshooting2.eu\/wp-content\/uploads\/2026\/04\/Nevtelen-terv-16.jpg","contentUrl":"https:\/\/www.budapestshooting2.eu\/wp-content\/uploads\/2026\/04\/Nevtelen-terv-16.jpg","width":1024,"height":683},{"@type":"BreadcrumbList","@id":"https:\/\/www.budapestshooting2.eu\/the-original-budapest-electric-beerbus-sightseeing-with-a-twist-since-2020\/#breadcrumb","itemListElement":[{"@type":"ListItem","position":1,"name":"Kezd\u0151lap","item":"https:\/\/www.budapestshooting2.eu\/"},{"@type":"ListItem","position":2,"name":"The original Budapest Electric BeerBus &#8211; Sightseeing with a twist since 2020"}]},{"@type":"WebSite","@id":"https:\/\/www.budapestshooting2.eu\/#website","url":"https:\/\/www.budapestshooting2.eu\/","name":"Budapest Shooting 2 | Fun &amp; Action Shooting Range Budapest","description":"Champ de tir de Budapest - Le meilleur tir en salle \u00e0 Budapest","publisher":{"@id":"https:\/\/www.budapestshooting2.eu\/#organization"},"potentialAction":[{"@type":"SearchAction","target":{"@type":"EntryPoint","urlTemplate":"https:\/\/www.budapestshooting2.eu\/?s={search_term_string}"},"query-input":{"@type":"PropertyValueSpecification","valueRequired":true,"valueName":"search_term_string"}}],"inLanguage":"fr-FR"},{"@type":"Organization","@id":"https:\/\/www.budapestshooting2.eu\/#organization","name":"Budapest Shooting 2 | Fun &amp; Action Shooting Range Budapest","url":"https:\/\/www.budapestshooting2.eu\/","logo":{"@type":"ImageObject","inLanguage":"fr-FR","@id":"https:\/\/www.budapestshooting2.eu\/#\/schema\/logo\/image\/","url":"https:\/\/www.budapestshooting2.eu\/wp-content\/uploads\/2025\/06\/Budapest-Shooting-2-logo.png","contentUrl":"https:\/\/www.budapestshooting2.eu\/wp-content\/uploads\/2025\/06\/Budapest-Shooting-2-logo.png","width":342,"height":183,"caption":"Budapest Shooting 2 | Fun &amp; Action Shooting Range Budapest"},"image":{"@id":"https:\/\/www.budapestshooting2.eu\/#\/schema\/logo\/image\/"}}]}},"_links":{"self":[{"href":"https:\/\/www.budapestshooting2.eu\/fr\/wp-json\/wp\/v2\/pages\/2409","targetHints":{"allow":["GET"]}}],"collection":[{"href":"https:\/\/www.budapestshooting2.eu\/fr\/wp-json\/wp\/v2\/pages"}],"about":[{"href":"https:\/\/www.budapestshooting2.eu\/fr\/wp-json\/wp\/v2\/types\/page"}],"author":[{"embeddable":true,"href":"https:\/\/www.budapestshooting2.eu\/fr\/wp-json\/wp\/v2\/users\/4"}],"replies":[{"embeddable":true,"href":"https:\/\/www.budapestshooting2.eu\/fr\/wp-json\/wp\/v2\/comments?post=2409"}],"version-history":[{"count":13,"href":"https:\/\/www.budapestshooting2.eu\/fr\/wp-json\/wp\/v2\/pages\/2409\/revisions"}],"predecessor-version":[{"id":2481,"href":"https:\/\/www.budapestshooting2.eu\/fr\/wp-json\/wp\/v2\/pages\/2409\/revisions\/2481"}],"wp:featuredmedia":[{"embeddable":true,"href":"https:\/\/www.budapestshooting2.eu\/fr\/wp-json\/wp\/v2\/media\/2418"}],"wp:attachment":[{"href":"https:\/\/www.budapestshooting2.eu\/fr\/wp-json\/wp\/v2\/media?parent=2409"}],"curies":[{"name":"wp","href":"https:\/\/api.w.org\/{rel}","templated":true}]}}