{"id":2352,"date":"2025-09-30T06:42:22","date_gmt":"2025-09-30T06:42:22","guid":{"rendered":"https:\/\/www.budapestshooting2.eu\/?page_id=2352"},"modified":"2025-09-30T07:10:09","modified_gmt":"2025-09-30T07:10:09","slug":"legenybucsu-in-the-lottery","status":"publish","type":"page","link":"https:\/\/www.budapestshooting2.eu\/en\/legenybucsu-in-the-lottery\/","title":{"rendered":"Bachelor party at the shooting range"},"content":{"rendered":"<div data-elementor-type=\"wp-page\" data-elementor-id=\"2352\" class=\"elementor elementor-2352\" data-elementor-post-type=\"page\">\n\t\t\t\t<div class=\"elementor-element elementor-element-8c014c7 e-flex e-con-boxed e-con e-parent\" data-id=\"8c014c7\" data-element_type=\"container\" data-e-type=\"container\">\n\t\t\t\t\t<div class=\"e-con-inner\">\n\t\t\t\t<div class=\"elementor-element elementor-element-a8dff8e Text-outline elementor-widget elementor-widget-heading\" data-id=\"a8dff8e\" data-element_type=\"widget\" data-e-type=\"widget\" data-widget_type=\"heading.default\">\n\t\t\t\t<div class=\"elementor-widget-container\">\n\t\t\t\t\t<h2 class=\"elementor-heading-title elementor-size-default\">Bachelor party at the shooting range <\/h2>\t\t\t\t<\/div>\n\t\t\t\t<\/div>\n\t\t<div class=\"elementor-element elementor-element-132b81d e-con-full e-transform e-transform e-transform e-flex e-con e-child\" data-id=\"132b81d\" data-element_type=\"container\" data-e-type=\"container\" data-settings=\"{&quot;background_background&quot;:&quot;classic&quot;,&quot;_transform_rotateZ_effect&quot;:{&quot;unit&quot;:&quot;px&quot;,&quot;size&quot;:-5,&quot;sizes&quot;:[]},&quot;_transform_rotateZ_effect_hover&quot;:{&quot;unit&quot;:&quot;px&quot;,&quot;size&quot;:2,&quot;sizes&quot;:[]},&quot;_transform_rotateZ_effect_tablet&quot;:{&quot;unit&quot;:&quot;deg&quot;,&quot;size&quot;:&quot;&quot;,&quot;sizes&quot;:[]},&quot;_transform_rotateZ_effect_mobile&quot;:{&quot;unit&quot;:&quot;deg&quot;,&quot;size&quot;:&quot;&quot;,&quot;sizes&quot;:[]},&quot;_transform_skewX_effect&quot;:{&quot;unit&quot;:&quot;px&quot;,&quot;size&quot;:&quot;&quot;,&quot;sizes&quot;:[]},&quot;_transform_skewX_effect_tablet&quot;:{&quot;unit&quot;:&quot;deg&quot;,&quot;size&quot;:&quot;&quot;,&quot;sizes&quot;:[]},&quot;_transform_skewX_effect_mobile&quot;:{&quot;unit&quot;:&quot;deg&quot;,&quot;size&quot;:&quot;&quot;,&quot;sizes&quot;:[]},&quot;_transform_skewY_effect&quot;:{&quot;unit&quot;:&quot;px&quot;,&quot;size&quot;:&quot;&quot;,&quot;sizes&quot;:[]},&quot;_transform_skewY_effect_tablet&quot;:{&quot;unit&quot;:&quot;deg&quot;,&quot;size&quot;:&quot;&quot;,&quot;sizes&quot;:[]},&quot;_transform_skewY_effect_mobile&quot;:{&quot;unit&quot;:&quot;deg&quot;,&quot;size&quot;:&quot;&quot;,&quot;sizes&quot;:[]},&quot;_transform_rotateZ_effect_hover_tablet&quot;:{&quot;unit&quot;:&quot;deg&quot;,&quot;size&quot;:&quot;&quot;,&quot;sizes&quot;:[]},&quot;_transform_rotateZ_effect_hover_mobile&quot;:{&quot;unit&quot;:&quot;deg&quot;,&quot;size&quot;:&quot;&quot;,&quot;sizes&quot;:[]}}\">\n\t\t\t\t<div class=\"elementor-element elementor-element-9a6933c elementor-widget elementor-widget-heading\" data-id=\"9a6933c\" data-element_type=\"widget\" data-e-type=\"widget\" data-widget_type=\"heading.default\">\n\t\t\t\t<div class=\"elementor-widget-container\">\n\t\t\t\t\t<h2 class=\"elementor-heading-title elementor-size-default\">An unforgettable evening together<\/h2>\t\t\t\t<\/div>\n\t\t\t\t<\/div>\n\t\t\t\t<\/div>\n\t\t\t\t\t<\/div>\n\t\t\t\t<\/div>\n\t\t<div class=\"elementor-element elementor-element-606306c e-flex e-con-boxed e-con e-parent\" data-id=\"606306c\" data-element_type=\"container\" data-e-type=\"container\">\n\t\t\t\t\t<div class=\"e-con-inner\">\n\t\t\t\t<div class=\"elementor-element elementor-element-9e5e730 elementor-widget elementor-widget-text-editor\" data-id=\"9e5e730\" data-element_type=\"widget\" data-e-type=\"widget\" data-widget_type=\"text-editor.default\">\n\t\t\t\t<div class=\"elementor-widget-container\">\n\t\t\t\t\t\t\t\t\t<p>It's no coincidence that more and more stag parties are being held in Budapest every year, with dozens of pubs and nightclubs in the city centre. For some parties, this is enough to have a good time and say goodbye to the bohemian years of the groom, while others want to celebrate the groom's arrival with more unique and memorable events. If you're one of the latter, there's no question that Budapest Shooting 2: Fun&amp;Action is the place for you!<\/p>\t\t\t\t\t\t\t\t<\/div>\n\t\t\t\t<\/div>\n\t\t\t\t\t<\/div>\n\t\t\t\t<\/div>\n\t\t<div class=\"elementor-element elementor-element-156652b e-flex e-con-boxed e-con e-parent\" data-id=\"156652b\" data-element_type=\"container\" data-e-type=\"container\">\n\t\t\t\t\t<div class=\"e-con-inner\">\n\t\t\t\t<div class=\"elementor-element elementor-element-88fbb93 Text-outline elementor-widget elementor-widget-heading\" data-id=\"88fbb93\" data-element_type=\"widget\" data-e-type=\"widget\" data-widget_type=\"heading.default\">\n\t\t\t\t<div class=\"elementor-widget-container\">\n\t\t\t\t\t<h2 class=\"elementor-heading-title elementor-size-default\">An adrenaline-rich experience<\/h2>\t\t\t\t<\/div>\n\t\t\t\t<\/div>\n\t\t<div class=\"elementor-element elementor-element-d8b1a42 e-con-full e-transform e-transform e-transform e-flex e-con e-child\" data-id=\"d8b1a42\" data-element_type=\"container\" data-e-type=\"container\" data-settings=\"{&quot;background_background&quot;:&quot;classic&quot;,&quot;_transform_rotateZ_effect&quot;:{&quot;unit&quot;:&quot;px&quot;,&quot;size&quot;:-5,&quot;sizes&quot;:[]},&quot;_transform_rotateZ_effect_hover&quot;:{&quot;unit&quot;:&quot;px&quot;,&quot;size&quot;:2,&quot;sizes&quot;:[]},&quot;_transform_rotateZ_effect_tablet&quot;:{&quot;unit&quot;:&quot;deg&quot;,&quot;size&quot;:&quot;&quot;,&quot;sizes&quot;:[]},&quot;_transform_rotateZ_effect_mobile&quot;:{&quot;unit&quot;:&quot;deg&quot;,&quot;size&quot;:&quot;&quot;,&quot;sizes&quot;:[]},&quot;_transform_skewX_effect&quot;:{&quot;unit&quot;:&quot;px&quot;,&quot;size&quot;:&quot;&quot;,&quot;sizes&quot;:[]},&quot;_transform_skewX_effect_tablet&quot;:{&quot;unit&quot;:&quot;deg&quot;,&quot;size&quot;:&quot;&quot;,&quot;sizes&quot;:[]},&quot;_transform_skewX_effect_mobile&quot;:{&quot;unit&quot;:&quot;deg&quot;,&quot;size&quot;:&quot;&quot;,&quot;sizes&quot;:[]},&quot;_transform_skewY_effect&quot;:{&quot;unit&quot;:&quot;px&quot;,&quot;size&quot;:&quot;&quot;,&quot;sizes&quot;:[]},&quot;_transform_skewY_effect_tablet&quot;:{&quot;unit&quot;:&quot;deg&quot;,&quot;size&quot;:&quot;&quot;,&quot;sizes&quot;:[]},&quot;_transform_skewY_effect_mobile&quot;:{&quot;unit&quot;:&quot;deg&quot;,&quot;size&quot;:&quot;&quot;,&quot;sizes&quot;:[]},&quot;_transform_rotateZ_effect_hover_tablet&quot;:{&quot;unit&quot;:&quot;deg&quot;,&quot;size&quot;:&quot;&quot;,&quot;sizes&quot;:[]},&quot;_transform_rotateZ_effect_hover_mobile&quot;:{&quot;unit&quot;:&quot;deg&quot;,&quot;size&quot;:&quot;&quot;,&quot;sizes&quot;:[]}}\">\n\t\t\t\t<div class=\"elementor-element elementor-element-74b11bd elementor-widget elementor-widget-heading\" data-id=\"74b11bd\" data-element_type=\"widget\" data-e-type=\"widget\" data-widget_type=\"heading.default\">\n\t\t\t\t<div class=\"elementor-widget-container\">\n\t\t\t\t\t<h2 class=\"elementor-heading-title elementor-size-default\">For the groom's \"last night off\"<\/h2>\t\t\t\t<\/div>\n\t\t\t\t<\/div>\n\t\t\t\t<\/div>\n\t\t\t\t\t<\/div>\n\t\t\t\t<\/div>\n\t\t<div class=\"elementor-element elementor-element-5e2bee2 e-flex e-con-boxed e-con e-parent\" data-id=\"5e2bee2\" data-element_type=\"container\" data-e-type=\"container\">\n\t\t\t\t\t<div class=\"e-con-inner\">\n\t\t\t\t<div class=\"elementor-element elementor-element-060f85b elementor-widget elementor-widget-text-editor\" data-id=\"060f85b\" data-element_type=\"widget\" data-e-type=\"widget\" data-widget_type=\"text-editor.default\">\n\t\t\t\t<div class=\"elementor-widget-container\">\n\t\t\t\t\t\t\t\t\t<p>What we're doing here isn't child's play, it's hardcore action, giving you the chance to try out real weapons you've only seen in action movies and video games. With the help of our professional staff, you'll be able to explore both the more popular and the more specialised weapons from our arsenal of over 400 weapons in a safe, yet guaranteed exciting environment. You will also be able to add to the unforgettable memories you made at the shooting range with tangible relics that can be shared on social media, as we will give you the opportunity to take photos with your weapons after the shooting session and even take home your shooting glasses to show off your results.<\/p>\t\t\t\t\t\t\t\t<\/div>\n\t\t\t\t<\/div>\n\t\t\t\t\t<\/div>\n\t\t\t\t<\/div>\n\t\t<div class=\"elementor-element elementor-element-4d93120 e-flex e-con-boxed e-con e-parent\" data-id=\"4d93120\" data-element_type=\"container\" data-e-type=\"container\">\n\t\t\t\t\t<div class=\"e-con-inner\">\n\t\t\t\t<div class=\"elementor-element elementor-element-f8c9ddd Text-outline elementor-widget elementor-widget-heading\" data-id=\"f8c9ddd\" data-element_type=\"widget\" data-e-type=\"widget\" data-widget_type=\"heading.default\">\n\t\t\t\t<div class=\"elementor-widget-container\">\n\t\t\t\t\t<h2 class=\"elementor-heading-title elementor-size-default\">Let shooting together bring you together<\/h2>\t\t\t\t<\/div>\n\t\t\t\t<\/div>\n\t\t<div class=\"elementor-element elementor-element-b74159f e-con-full e-transform e-transform e-transform e-flex e-con e-child\" data-id=\"b74159f\" data-element_type=\"container\" data-e-type=\"container\" data-settings=\"{&quot;background_background&quot;:&quot;classic&quot;,&quot;_transform_rotateZ_effect&quot;:{&quot;unit&quot;:&quot;px&quot;,&quot;size&quot;:-5,&quot;sizes&quot;:[]},&quot;_transform_rotateZ_effect_hover&quot;:{&quot;unit&quot;:&quot;px&quot;,&quot;size&quot;:2,&quot;sizes&quot;:[]},&quot;_transform_rotateZ_effect_tablet&quot;:{&quot;unit&quot;:&quot;deg&quot;,&quot;size&quot;:&quot;&quot;,&quot;sizes&quot;:[]},&quot;_transform_rotateZ_effect_mobile&quot;:{&quot;unit&quot;:&quot;deg&quot;,&quot;size&quot;:&quot;&quot;,&quot;sizes&quot;:[]},&quot;_transform_skewX_effect&quot;:{&quot;unit&quot;:&quot;px&quot;,&quot;size&quot;:&quot;&quot;,&quot;sizes&quot;:[]},&quot;_transform_skewX_effect_tablet&quot;:{&quot;unit&quot;:&quot;deg&quot;,&quot;size&quot;:&quot;&quot;,&quot;sizes&quot;:[]},&quot;_transform_skewX_effect_mobile&quot;:{&quot;unit&quot;:&quot;deg&quot;,&quot;size&quot;:&quot;&quot;,&quot;sizes&quot;:[]},&quot;_transform_skewY_effect&quot;:{&quot;unit&quot;:&quot;px&quot;,&quot;size&quot;:&quot;&quot;,&quot;sizes&quot;:[]},&quot;_transform_skewY_effect_tablet&quot;:{&quot;unit&quot;:&quot;deg&quot;,&quot;size&quot;:&quot;&quot;,&quot;sizes&quot;:[]},&quot;_transform_skewY_effect_mobile&quot;:{&quot;unit&quot;:&quot;deg&quot;,&quot;size&quot;:&quot;&quot;,&quot;sizes&quot;:[]},&quot;_transform_rotateZ_effect_hover_tablet&quot;:{&quot;unit&quot;:&quot;deg&quot;,&quot;size&quot;:&quot;&quot;,&quot;sizes&quot;:[]},&quot;_transform_rotateZ_effect_hover_mobile&quot;:{&quot;unit&quot;:&quot;deg&quot;,&quot;size&quot;:&quot;&quot;,&quot;sizes&quot;:[]}}\">\n\t\t\t\t<div class=\"elementor-element elementor-element-e8f8f60 elementor-widget elementor-widget-heading\" data-id=\"e8f8f60\" data-element_type=\"widget\" data-e-type=\"widget\" data-widget_type=\"heading.default\">\n\t\t\t\t<div class=\"elementor-widget-container\">\n\t\t\t\t\t<h2 class=\"elementor-heading-title elementor-size-default\">And keep partying together as a real team <\/h2>\t\t\t\t<\/div>\n\t\t\t\t<\/div>\n\t\t\t\t<\/div>\n\t\t\t\t\t<\/div>\n\t\t\t\t<\/div>\n\t\t<div class=\"elementor-element elementor-element-087a882 e-flex e-con-boxed e-con e-parent\" data-id=\"087a882\" data-element_type=\"container\" data-e-type=\"container\">\n\t\t\t\t\t<div class=\"e-con-inner\">\n\t\t\t\t<div class=\"elementor-element elementor-element-344530f elementor-widget elementor-widget-text-editor\" data-id=\"344530f\" data-element_type=\"widget\" data-e-type=\"widget\" data-widget_type=\"text-editor.default\">\n\t\t\t\t<div class=\"elementor-widget-container\">\n\t\t\t\t\t\t\t\t\t<p>The members of a bachelor party often barely know each other, so the first few hours of the event are often spent getting to know each other and awkwardly exploring common topics. However, if you start the evening with us, you'll be sure not to have to waste any more time on such things. The time spent together at the shooting range and the experiences you'll have together will instantly turn you into a real team, and you'll even get to know a brand new side of people you thought you'd never see again. And our experienced colleagues will be on hand throughout the programme to make the fun even more personal with the weapons and tasks that best suit you.<\/p>\t\t\t\t\t\t\t\t<\/div>\n\t\t\t\t<\/div>\n\t\t\t\t\t<\/div>\n\t\t\t\t<\/div>\n\t\t<div class=\"elementor-element elementor-element-6b8d53d e-flex e-con-boxed e-con e-parent\" data-id=\"6b8d53d\" data-element_type=\"container\" data-e-type=\"container\">\n\t\t\t\t\t<div class=\"e-con-inner\">\n\t\t\t\t<div class=\"elementor-element elementor-element-26690d3 Text-outline elementor-widget elementor-widget-heading\" data-id=\"26690d3\" data-element_type=\"widget\" data-e-type=\"widget\" data-widget_type=\"heading.default\">\n\t\t\t\t<div class=\"elementor-widget-container\">\n\t\t\t\t\t<h2 class=\"elementor-heading-title elementor-size-default\">Give the groom the gift of an unforgettable experience<\/h2>\t\t\t\t<\/div>\n\t\t\t\t<\/div>\n\t\t<div class=\"elementor-element elementor-element-80a9742 e-con-full e-transform e-transform e-transform e-flex e-con e-child\" data-id=\"80a9742\" data-element_type=\"container\" data-e-type=\"container\" data-settings=\"{&quot;background_background&quot;:&quot;classic&quot;,&quot;_transform_rotateZ_effect&quot;:{&quot;unit&quot;:&quot;px&quot;,&quot;size&quot;:-5,&quot;sizes&quot;:[]},&quot;_transform_rotateZ_effect_hover&quot;:{&quot;unit&quot;:&quot;px&quot;,&quot;size&quot;:2,&quot;sizes&quot;:[]},&quot;_transform_rotateZ_effect_tablet&quot;:{&quot;unit&quot;:&quot;deg&quot;,&quot;size&quot;:&quot;&quot;,&quot;sizes&quot;:[]},&quot;_transform_rotateZ_effect_mobile&quot;:{&quot;unit&quot;:&quot;deg&quot;,&quot;size&quot;:&quot;&quot;,&quot;sizes&quot;:[]},&quot;_transform_skewX_effect&quot;:{&quot;unit&quot;:&quot;px&quot;,&quot;size&quot;:&quot;&quot;,&quot;sizes&quot;:[]},&quot;_transform_skewX_effect_tablet&quot;:{&quot;unit&quot;:&quot;deg&quot;,&quot;size&quot;:&quot;&quot;,&quot;sizes&quot;:[]},&quot;_transform_skewX_effect_mobile&quot;:{&quot;unit&quot;:&quot;deg&quot;,&quot;size&quot;:&quot;&quot;,&quot;sizes&quot;:[]},&quot;_transform_skewY_effect&quot;:{&quot;unit&quot;:&quot;px&quot;,&quot;size&quot;:&quot;&quot;,&quot;sizes&quot;:[]},&quot;_transform_skewY_effect_tablet&quot;:{&quot;unit&quot;:&quot;deg&quot;,&quot;size&quot;:&quot;&quot;,&quot;sizes&quot;:[]},&quot;_transform_skewY_effect_mobile&quot;:{&quot;unit&quot;:&quot;deg&quot;,&quot;size&quot;:&quot;&quot;,&quot;sizes&quot;:[]},&quot;_transform_rotateZ_effect_hover_tablet&quot;:{&quot;unit&quot;:&quot;deg&quot;,&quot;size&quot;:&quot;&quot;,&quot;sizes&quot;:[]},&quot;_transform_rotateZ_effect_hover_mobile&quot;:{&quot;unit&quot;:&quot;deg&quot;,&quot;size&quot;:&quot;&quot;,&quot;sizes&quot;:[]}}\">\n\t\t\t\t<div class=\"elementor-element elementor-element-ba05ed8 elementor-widget elementor-widget-heading\" data-id=\"ba05ed8\" data-element_type=\"widget\" data-e-type=\"widget\" data-widget_type=\"heading.default\">\n\t\t\t\t<div class=\"elementor-widget-container\">\n\t\t\t\t\t<h2 class=\"elementor-heading-title elementor-size-default\"> Let off some steam together<\/h2>\t\t\t\t<\/div>\n\t\t\t\t<\/div>\n\t\t\t\t<\/div>\n\t\t\t\t\t<\/div>\n\t\t\t\t<\/div>\n\t\t<div class=\"elementor-element elementor-element-711d68c e-flex e-con-boxed e-con e-parent\" data-id=\"711d68c\" data-element_type=\"container\" data-e-type=\"container\">\n\t\t\t\t\t<div class=\"e-con-inner\">\n\t\t\t\t<div class=\"elementor-element elementor-element-1ae2c91 elementor-widget elementor-widget-text-editor\" data-id=\"1ae2c91\" data-element_type=\"widget\" data-e-type=\"widget\" data-widget_type=\"text-editor.default\">\n\t\t\t\t<div class=\"elementor-widget-container\">\n\t\t\t\t\t\t\t\t\t<p>We know exactly how much stress goes into organising a stag or hen party and a wedding. Our shooting range is the perfect place for you to release the tension and enjoy the rest of the evening and the wedding ahead. If you want a truly unique, guaranteed memorable and genuinely exciting way to crown the groom's big day, look no further! Book an appointment at our indoor shooting range and embark on an unforgettable adventure!<\/p><p>We know exactly how much stress goes into organising a stag or hen party and a wedding. Our shooting range is the perfect place for you to release the tension and enjoy the rest of the evening and the wedding ahead. If you want a truly unique, guaranteed memorable and genuinely exciting way to crown the groom's big day, look no further! Book an appointment at our indoor shooting range and embark on an unforgettable adventure!<\/p>\t\t\t\t\t\t\t\t<\/div>\n\t\t\t\t<\/div>\n\t\t\t\t\t<\/div>\n\t\t\t\t<\/div>\n\t\t\t\t<\/div>","protected":false},"excerpt":{"rendered":"<p>Leg\u00e9nyb\u00facs\u00fa a l\u0151t\u00e9ren Egy felejthetetlen k\u00f6z\u00f6s este Nem v\u00e9letlen\u00fcl tartanak \u00e9vr\u0151l \u00e9vre egyre t\u00f6bb \u00e9s t\u00f6bb leg\u00e9nyb\u00facs\u00fat Budapesten, hiszen a v\u00e1ros k\u00f6zpontj\u00e1ban kocsm\u00e1k \u00e9s sz\u00f3rakoz\u00f3helyek tucatjai v\u00e1rj\u00e1k a partizni v\u00e1gy\u00f3kat. Egyes t\u00e1rsas\u00e1goknak m\u00e1r ez is el\u00e9g a felh\u0151tlen sz\u00f3rakoz\u00e1shoz \u00e9s a v\u0151leg\u00e9ny boh\u00e9m \u00e9veinek elb\u00facs\u00faztat\u00e1s\u00e1hoz, m\u00e1sok azonban egyedibb, eml\u00e9kezetesebb programokkal szeretn\u00e9k meg\u00fcnnepelni a f\u00e9rjjel\u00f6lt r\u00e9vbe [&hellip;]<\/p>\n","protected":false},"author":3,"featured_media":0,"parent":0,"menu_order":0,"comment_status":"closed","ping_status":"closed","template":"","meta":{"_acf_changed":false,"footnotes":""},"class_list":["post-2352","page","type-page","status-publish","hentry"],"acf":[],"yoast_head":"<!-- This site is optimized with the Yoast SEO Premium plugin v27.3 (Yoast SEO v27.3) - https:\/\/yoast.com\/product\/yoast-seo-premium-wordpress\/ -->\n<title>Leg\u00e9nyb\u00facs\u00fa a l\u0151t\u00e9ren - Budapest Shooting 2 | Fun &amp; Action Shooting Range Budapest<\/title>\n<meta name=\"description\" content=\"\u00c9vr\u0151l-\u00e9vre egyre t\u00f6bb leg\u00e9nyb\u00facs\u00fat Budapesten, hiszen a v\u00e1ros k\u00f6zpontj\u00e1ban kocsm\u00e1k \u00e9s sz\u00f3rakoz\u00f3helyek tucatjai v\u00e1rj\u00e1k a partizni v\u00e1gy\u00f3kat.\" \/>\n<meta name=\"robots\" content=\"index, follow, max-snippet:-1, max-image-preview:large, max-video-preview:-1\" \/>\n<link rel=\"canonical\" href=\"https:\/\/www.budapestshooting2.eu\/en\/legenybucsu-in-the-lottery\/\" \/>\n<meta property=\"og:locale\" content=\"en_GB\" \/>\n<meta property=\"og:type\" content=\"article\" \/>\n<meta property=\"og:title\" content=\"Leg\u00e9nyb\u00facs\u00fa a l\u0151t\u00e9ren\" \/>\n<meta property=\"og:description\" content=\"\u00c9vr\u0151l-\u00e9vre egyre t\u00f6bb leg\u00e9nyb\u00facs\u00fat Budapesten, hiszen a v\u00e1ros k\u00f6zpontj\u00e1ban kocsm\u00e1k \u00e9s sz\u00f3rakoz\u00f3helyek tucatjai v\u00e1rj\u00e1k a partizni v\u00e1gy\u00f3kat.\" \/>\n<meta property=\"og:url\" content=\"https:\/\/www.budapestshooting2.eu\/en\/legenybucsu-in-the-lottery\/\" \/>\n<meta property=\"og:site_name\" content=\"Budapest Shooting 2 | Fun &amp; Action Shooting Range Budapest\" \/>\n<meta property=\"article:modified_time\" content=\"2025-09-30T07:10:09+00:00\" \/>\n<meta name=\"twitter:card\" content=\"summary_large_image\" \/>\n<meta name=\"twitter:label1\" content=\"Estimated reading time\" \/>\n\t<meta name=\"twitter:data1\" content=\"3 minutes\" \/>\n<script type=\"application\/ld+json\" class=\"yoast-schema-graph\">{\"@context\":\"https:\\\/\\\/schema.org\",\"@graph\":[{\"@type\":\"WebPage\",\"@id\":\"https:\\\/\\\/www.budapestshooting2.eu\\\/legenybucsu-a-loteren\\\/\",\"url\":\"https:\\\/\\\/www.budapestshooting2.eu\\\/legenybucsu-a-loteren\\\/\",\"name\":\"Leg\u00e9nyb\u00facs\u00fa a l\u0151t\u00e9ren - Budapest Shooting 2 | Fun &amp; Action Shooting Range Budapest\",\"isPartOf\":{\"@id\":\"https:\\\/\\\/www.budapestshooting2.eu\\\/#website\"},\"datePublished\":\"2025-09-30T06:42:22+00:00\",\"dateModified\":\"2025-09-30T07:10:09+00:00\",\"description\":\"\u00c9vr\u0151l-\u00e9vre egyre t\u00f6bb leg\u00e9nyb\u00facs\u00fat Budapesten, hiszen a v\u00e1ros k\u00f6zpontj\u00e1ban kocsm\u00e1k \u00e9s sz\u00f3rakoz\u00f3helyek tucatjai v\u00e1rj\u00e1k a partizni v\u00e1gy\u00f3kat.\",\"breadcrumb\":{\"@id\":\"https:\\\/\\\/www.budapestshooting2.eu\\\/legenybucsu-a-loteren\\\/#breadcrumb\"},\"inLanguage\":\"en-GB\",\"potentialAction\":[{\"@type\":\"ReadAction\",\"target\":[\"https:\\\/\\\/www.budapestshooting2.eu\\\/legenybucsu-a-loteren\\\/\"]}]},{\"@type\":\"BreadcrumbList\",\"@id\":\"https:\\\/\\\/www.budapestshooting2.eu\\\/legenybucsu-a-loteren\\\/#breadcrumb\",\"itemListElement\":[{\"@type\":\"ListItem\",\"position\":1,\"name\":\"Kezd\u0151lap\",\"item\":\"https:\\\/\\\/www.budapestshooting2.eu\\\/\"},{\"@type\":\"ListItem\",\"position\":2,\"name\":\"Leg\u00e9nyb\u00facs\u00fa a l\u0151t\u00e9ren\"}]},{\"@type\":\"WebSite\",\"@id\":\"https:\\\/\\\/www.budapestshooting2.eu\\\/#website\",\"url\":\"https:\\\/\\\/www.budapestshooting2.eu\\\/\",\"name\":\"Budapest Shooting 2 | Fun &amp; Action Shooting Range Budapest\",\"description\":\"Budapest Shooting Range - Best Indoor Shooting in Budapest\",\"publisher\":{\"@id\":\"https:\\\/\\\/www.budapestshooting2.eu\\\/#organization\"},\"potentialAction\":[{\"@type\":\"SearchAction\",\"target\":{\"@type\":\"EntryPoint\",\"urlTemplate\":\"https:\\\/\\\/www.budapestshooting2.eu\\\/?s={search_term_string}\"},\"query-input\":{\"@type\":\"PropertyValueSpecification\",\"valueRequired\":true,\"valueName\":\"search_term_string\"}}],\"inLanguage\":\"en-GB\"},{\"@type\":\"Organization\",\"@id\":\"https:\\\/\\\/www.budapestshooting2.eu\\\/#organization\",\"name\":\"Budapest Shooting 2 | Fun &amp; Action Shooting Range Budapest\",\"url\":\"https:\\\/\\\/www.budapestshooting2.eu\\\/\",\"logo\":{\"@type\":\"ImageObject\",\"inLanguage\":\"en-GB\",\"@id\":\"https:\\\/\\\/www.budapestshooting2.eu\\\/#\\\/schema\\\/logo\\\/image\\\/\",\"url\":\"https:\\\/\\\/www.budapestshooting2.eu\\\/wp-content\\\/uploads\\\/2025\\\/06\\\/Budapest-Shooting-2-logo.png\",\"contentUrl\":\"https:\\\/\\\/www.budapestshooting2.eu\\\/wp-content\\\/uploads\\\/2025\\\/06\\\/Budapest-Shooting-2-logo.png\",\"width\":342,\"height\":183,\"caption\":\"Budapest Shooting 2 | Fun &amp; Action Shooting Range Budapest\"},\"image\":{\"@id\":\"https:\\\/\\\/www.budapestshooting2.eu\\\/#\\\/schema\\\/logo\\\/image\\\/\"}}]}<\/script>\n<!-- \/ Yoast SEO Premium plugin. -->","yoast_head_json":{"title":"Bachelor party at the shooting range - Budapest Shooting 2 | Fun &amp; Action Shooting Range Budapest","description":"Every year, more and more stag parties are held in Budapest, with dozens of pubs and nightclubs in the city centre.","robots":{"index":"index","follow":"follow","max-snippet":"max-snippet:-1","max-image-preview":"max-image-preview:large","max-video-preview":"max-video-preview:-1"},"canonical":"https:\/\/www.budapestshooting2.eu\/en\/legenybucsu-in-the-lottery\/","og_locale":"en_GB","og_type":"article","og_title":"Leg\u00e9nyb\u00facs\u00fa a l\u0151t\u00e9ren","og_description":"\u00c9vr\u0151l-\u00e9vre egyre t\u00f6bb leg\u00e9nyb\u00facs\u00fat Budapesten, hiszen a v\u00e1ros k\u00f6zpontj\u00e1ban kocsm\u00e1k \u00e9s sz\u00f3rakoz\u00f3helyek tucatjai v\u00e1rj\u00e1k a partizni v\u00e1gy\u00f3kat.","og_url":"https:\/\/www.budapestshooting2.eu\/en\/legenybucsu-in-the-lottery\/","og_site_name":"Budapest Shooting 2 | Fun &amp; Action Shooting Range Budapest","article_modified_time":"2025-09-30T07:10:09+00:00","twitter_card":"summary_large_image","twitter_misc":{"Estimated reading time":"3 minutes"},"schema":{"@context":"https:\/\/schema.org","@graph":[{"@type":"WebPage","@id":"https:\/\/www.budapestshooting2.eu\/legenybucsu-a-loteren\/","url":"https:\/\/www.budapestshooting2.eu\/legenybucsu-a-loteren\/","name":"Bachelor party at the shooting range - Budapest Shooting 2 | Fun &amp; Action Shooting Range Budapest","isPartOf":{"@id":"https:\/\/www.budapestshooting2.eu\/#website"},"datePublished":"2025-09-30T06:42:22+00:00","dateModified":"2025-09-30T07:10:09+00:00","description":"Every year, more and more stag parties are held in Budapest, with dozens of pubs and nightclubs in the city centre.","breadcrumb":{"@id":"https:\/\/www.budapestshooting2.eu\/legenybucsu-a-loteren\/#breadcrumb"},"inLanguage":"en-GB","potentialAction":[{"@type":"ReadAction","target":["https:\/\/www.budapestshooting2.eu\/legenybucsu-a-loteren\/"]}]},{"@type":"BreadcrumbList","@id":"https:\/\/www.budapestshooting2.eu\/legenybucsu-a-loteren\/#breadcrumb","itemListElement":[{"@type":"ListItem","position":1,"name":"Kezd\u0151lap","item":"https:\/\/www.budapestshooting2.eu\/"},{"@type":"ListItem","position":2,"name":"Leg\u00e9nyb\u00facs\u00fa a l\u0151t\u00e9ren"}]},{"@type":"WebSite","@id":"https:\/\/www.budapestshooting2.eu\/#website","url":"https:\/\/www.budapestshooting2.eu\/","name":"Budapest Shooting 2 | Fun &amp; Action Shooting Range Budapest","description":"Budapest Shooting Range - Best Indoor Shooting in Budapest","publisher":{"@id":"https:\/\/www.budapestshooting2.eu\/#organization"},"potentialAction":[{"@type":"SearchAction","target":{"@type":"EntryPoint","urlTemplate":"https:\/\/www.budapestshooting2.eu\/?s={search_term_string}"},"query-input":{"@type":"PropertyValueSpecification","valueRequired":true,"valueName":"search_term_string"}}],"inLanguage":"en-GB"},{"@type":"Organization","@id":"https:\/\/www.budapestshooting2.eu\/#organization","name":"Budapest Shooting 2 | Fun &amp; Action Shooting Range Budapest","url":"https:\/\/www.budapestshooting2.eu\/","logo":{"@type":"ImageObject","inLanguage":"en-GB","@id":"https:\/\/www.budapestshooting2.eu\/#\/schema\/logo\/image\/","url":"https:\/\/www.budapestshooting2.eu\/wp-content\/uploads\/2025\/06\/Budapest-Shooting-2-logo.png","contentUrl":"https:\/\/www.budapestshooting2.eu\/wp-content\/uploads\/2025\/06\/Budapest-Shooting-2-logo.png","width":342,"height":183,"caption":"Budapest Shooting 2 | Fun &amp; Action Shooting Range Budapest"},"image":{"@id":"https:\/\/www.budapestshooting2.eu\/#\/schema\/logo\/image\/"}}]}},"_links":{"self":[{"href":"https:\/\/www.budapestshooting2.eu\/en\/wp-json\/wp\/v2\/pages\/2352","targetHints":{"allow":["GET"]}}],"collection":[{"href":"https:\/\/www.budapestshooting2.eu\/en\/wp-json\/wp\/v2\/pages"}],"about":[{"href":"https:\/\/www.budapestshooting2.eu\/en\/wp-json\/wp\/v2\/types\/page"}],"author":[{"embeddable":true,"href":"https:\/\/www.budapestshooting2.eu\/en\/wp-json\/wp\/v2\/users\/3"}],"replies":[{"embeddable":true,"href":"https:\/\/www.budapestshooting2.eu\/en\/wp-json\/wp\/v2\/comments?post=2352"}],"version-history":[{"count":4,"href":"https:\/\/www.budapestshooting2.eu\/en\/wp-json\/wp\/v2\/pages\/2352\/revisions"}],"predecessor-version":[{"id":2357,"href":"https:\/\/www.budapestshooting2.eu\/en\/wp-json\/wp\/v2\/pages\/2352\/revisions\/2357"}],"wp:attachment":[{"href":"https:\/\/www.budapestshooting2.eu\/en\/wp-json\/wp\/v2\/media?parent=2352"}],"curies":[{"name":"wp","href":"https:\/\/api.w.org\/{rel}","templated":true}]}}